{"id":4362,"date":"2020-10-08T09:44:08","date_gmt":"2020-10-08T09:44:08","guid":{"rendered":"https:\/\/pizzaklam.com\/pizzaklam\/?page_id=4362"},"modified":"2020-10-19T07:56:51","modified_gmt":"2020-10-19T07:56:51","slug":"condicions-de-compra","status":"publish","type":"page","link":"https:\/\/pizzaklam.com\/pizzaklam\/condicions-de-compra\/","title":{"rendered":"Condicions de Compra"},"content":{"rendered":"\n\t<p><strong>CONDICIONS DE COMPRA<\/strong><\/p>\n<p>Les presents condicions generals de contractaci\u00f3 s\u2019apliquen a totes les transaccions comercials realitzades en la nostra tenda virtual, www.pizzaklam.es, des d\u2019ara el venedor. Per a m\u00e9s informaci\u00f3 sobre el venedor i la nostra pol\u00edtica de privacitat consulti l\u2019av\u00eds legal allotjat en el peu de cada p\u00e0gina d\u2019aquesta tenda.<\/p>\n<p>Els preguem que llegeixin atentament les presents condicions de compra i la nostra pol\u00edtica de privacitat abans de realitzar la comanda. Si vost\u00e8 no est\u00e0 d\u2019acord amb totes les condicions de compra i amb la pol\u00edtica de privacitat, no deu realitzar cap comanda.<\/p>\n<p><strong>1. IDENTIFICACI\u00d3<\/strong><\/p>\n<p>El venedor \u00e9s una unitat de negoci pertanyent a KLAM RESTAURACI\u00d2 S.L., prove\u00efda de cif\/nif B-64743271, domiciliada en ctra. De vic 43. &#8211; 08272 sant fruit\u00f3s de bages (barcelona). Qualsevol comunicaci\u00f3 es podr\u00e0 dirigir al domicili social o a l\u2019adre\u00e7a de correu electr\u00f2nic info@pizzaklam.com<\/p>\n<p><strong>2. ACTIVITAT<\/strong><\/p>\n<p>El venedor es dedica a la venta de pizzes i\/o altres productes relacionats.<\/p>\n<p><strong>3. CONTINGUTS I INFORMACI\u00d3 SUBMINISTRADA EN EL WEBSITE<\/strong><\/p>\n<p>El venedor es reserva el dret a modificar l\u2019oferta comercial presentada en el website (modificacions sobre productes, preus, promocions i altres condicions comercials i de servei) en qualsevol moment. El venedor fa tots els esfor\u00e7os, dins els seus mitjans, per a oferir la informaci\u00f3 continguda en el website de forma vera\u00e7 i sense errors tipogr\u00e0fics. En cas que en algun moment es produ\u00eds algun error d\u2019aquest tipus, ali\u00e8 en tot moment a la voluntat del venedor, es procediria immediatament a la seva correcci\u00f3. D\u2019existir un error tipogr\u00e0fic en algun dels preus mostrats i algun client hagu\u00e9s pres una decisi\u00f3 de compra basada en aquest error, el venedor li comunicar\u00e0 al client aquest error i el client tindr\u00e0 dret a rescindir la seva compra sense cap cost per part seva.<\/p>\n<p><strong>4. SISTEMA DE VENDA<\/strong><\/p>\n<p>Per a realitzar una compra, l\u2019usuari pot triar entre diverses formes de fer-nos arribar la seva comanda:<\/p>\n\u2022 Internet a trav\u00e9s del \u00abcarret de la compra\u00bb.<br \/>\n\u2022 Telef\u00f2nicament mitjan\u00e7ant el tel\u00e8fon d\u2019atenci\u00f3 al client de cadascun dels nostres centres.\n<p><strong>5. IMPOSTOS APLICABLES<\/strong><\/p>\n<p>Els preus dels productes exposats en la p\u00e0gina web del venedor inclouen l\u2019impost sobre el valor afegit (iva) que, en el seu cas, sigui procedent aplicar.<\/p>\n<p>Les compres que vagin a ser lliurades dins el territori de qualsevol dels estats membres de la uni\u00f3 europea estaran subjectes a iva.<\/p>\n<p><strong>6. FORMA DE PAGAMENT<\/strong><\/p>\n<p>Al formular la comanda, el client abonar\u00e0 les compres que realitzi; contra-reemborsament en efectiu, amb targeta o amb la passarel\u00b7la de pagament redsys. En determinats casos i per a prevenir possibles fraus, el venedor es reserva la possibilitat de sol\u00b7licitar a un client una forma de pagament concreta en el cas que no s\u2019acrediti fefaentment la identitat del comprador o en cas que les condicions de la venda ho precisin.<\/p>\n<p><strong>7. FORMA, DESPESES I TERMINI D\u2019ENVIAMENT<\/strong><\/p>\n<p>Quan el client seleccioni la forma d\u2019enviament a domicili haur\u00e0 de tenir en compte que els terminis de lliurament varien en funci\u00f3 de la c\u00e0rrega de treball i del punt de destinaci\u00f3.<\/p>\n<p>El venedor envia les comandes als seus clients a trav\u00e9s d\u2019un servei de transport amb motoristes propis. L\u2019hora de lliurament en el domicili del client dep\u00e8n de la c\u00e0rrega de treball del moment aix\u00ed com de la dist\u00e0ncia fins al punt de destinaci\u00f3.<\/p>\n<p>Els terminis de transport es poden veure alterats per incid\u00e8ncies extraordin\u00e0ries en els motoristes i per qualsevol altra dificultat.<\/p>\n<p><strong>8. DRETS DEL COMPRADOR I POL\u00cdTICA DE CANCEL\u00b7LACIONS<\/strong><\/p>\n<p>El venedor garanteix als seus clients la possibilitat d\u2019anul\u00b7lar la seva comanda en qualsevol moment i sense cap cost, sempre que l\u2019anul\u00b7laci\u00f3 es comuniqui abans que la comanda hagi estat encarregada a la zona d\u2019elaboraci\u00f3.<\/p>\n<p>Tractant-se de productes alimentaris, el client no podr\u00e0 retornar el producte que hagi comprat una vegada lliurada la comanda. Si un producte diferent al sol\u00b7licitat pel client fos lliurat per error del venedor, aquest li ser\u00e0 retirat i se li lliurar\u00e0 el producte correcte sense cap c\u00e0rrec addicional per al comprador.<\/p>\n<p>En cas d&#8217;algun malent\u00e8s, error de cobrament o error de la nostra part, el client tindr\u00e0 l&#8217;opci\u00f3 de demanar el reemborsament per la quantitat total de la comanda mitjan\u00e7ant el mateix m\u00e8tode de pagament amb el qual ha realitzat la compra.<\/p>\n<p>Per a qualsevol incid\u00e8ncia relacionada amb la devoluci\u00f3 de productes de la nostra tenda, pot contactar amb nosaltres en el tel\u00e8fon del centre de la zona que s\u2019ocupa de les seves comandes.<\/p>\n<p><strong>9. OBLIGACIONS DEL CLIENT<\/strong><\/p>\nEl client del venedor es compromet en tot moment a facilitar informaci\u00f3 vera\u00e7 sobre les dades sol\u00b7licitades en els formularis de registre d\u2019usuari o de realitzaci\u00f3 de la comanda i a mantenir-les actualitzades en tot moment.<br \/>\nEl client es compromet a acceptar totes les disposicions i condicions recollides en les presents condicions generals de contractaci\u00f3 entenent que recullen la millor voluntat de servei possible per al tipus d\u2019activitat que desenvolupa el venedor.\n<p>Aix\u00ed doncs, es compromet a guardar de forma confidencial i amb la m\u00e0xima dilig\u00e8ncia les seves claus d\u2019acc\u00e9s personal al nostre lloc web.<\/p>\n<p>El client es compromet a possibilitar el lliurament facilitant una adre\u00e7a en la qual pugui ser lliurada la comanda sol\u00b7licitada i dins l\u2019horari habitual de lliurament dels nostres centres que haur\u00e0 de consultar en cada tenda. En cas d\u2019incompliment per part del client d\u2019aquesta obligaci\u00f3, el venedor no tindr\u00e0 cap responsabilitat sobre el retard o impossibilitat del lliurament de la comanda sol\u00b7licitada pel client.<\/p>\n<p><strong>10. LEGISLACI\u00d3 APLICABLE I JURISDICCI\u00d3 COMPETENT<\/strong><\/p>\n<p>Les compravendes realitzades amb el venedor se sotmeten a la legislaci\u00f3 d\u2019espanya. En cas de qualsevol conflicte o discrep\u00e0ncia, el fur aplicable ser\u00e0 el dels jutjats o tribunals del comprador.<\/p>\n<p><strong>11. SEGURETAT I PROTECCI\u00d3 A COMPRADORS<\/strong><\/p>\n<p>Els pagaments de les compres en www.pizzaklam.com i totes les seves subdominis, es fan a contra reemborsament o mitjan\u00e7ant Redsys, que compta amb tots els sistemes d&#8217;encriptaci\u00f3 i seguretat de transfer\u00e8ncia de dades a trav\u00e9s del protocol SSL, de manera que el comprador gaudir\u00e0 en tot moment amb la protecci\u00f3 d&#8217;aquests canals.<\/p>\n","protected":false},"excerpt":{"rendered":"<p>CONDICIONS DE COMPRA Les presents condicions generals de contractaci\u00f3 s\u2019apliquen a totes les transaccions comercials realitzades en la nostra tenda virtual, www.pizzaklam.es, des d\u2019ara el venedor. Per a m\u00e9s informaci\u00f3 sobre el venedor i la nostra pol\u00edtica de privacitat consulti l\u2019av\u00eds legal allotjat en el peu de cada p\u00e0gina d\u2019aquesta tenda. Els preguem que llegeixin [&hellip;]<\/p>\n","protected":false},"author":2,"featured_media":0,"parent":0,"menu_order":0,"comment_status":"closed","ping_status":"closed","template":"","meta":{"site-sidebar-layout":"default","site-content-layout":"default","ast-site-content-layout":"default","site-content-style":"default","site-sidebar-style":"default","ast-global-header-display":"","ast-banner-title-visibility":"","ast-main-header-display":"","ast-hfb-above-header-display":"","ast-hfb-below-header-display":"","ast-hfb-mobile-header-display":"","site-post-title":"","ast-breadcrumbs-content":"","ast-featured-img":"","footer-sml-layout":"","ast-disable-related-posts":"","theme-transparent-header-meta":"default","adv-header-id-meta":"","stick-header-meta":"","header-above-stick-meta":"","header-main-stick-meta":"","header-below-stick-meta":"","astra-migrate-meta-layouts":"default","ast-page-background-enabled":"default","ast-page-background-meta":{"desktop":{"background-color":"","background-image":"","background-repeat":"repeat","background-position":"center center","background-size":"auto","background-attachment":"scroll","background-type":"","background-media":"","overlay-type":"","overlay-color":"","overlay-opacity":"","overlay-gradient":""},"tablet":{"background-color":"","background-image":"","background-repeat":"repeat","background-position":"center center","background-size":"auto","background-attachment":"scroll","background-type":"","background-media":"","overlay-type":"","overlay-color":"","overlay-opacity":"","overlay-gradient":""},"mobile":{"background-color":"","background-image":"","background-repeat":"repeat","background-position":"center center","background-size":"auto","background-attachment":"scroll","background-type":"","background-media":"","overlay-type":"","overlay-color":"","overlay-opacity":"","overlay-gradient":""}},"ast-content-background-meta":{"desktop":{"background-color":"var(--ast-global-color-5)","background-image":"","background-repeat":"repeat","background-position":"center center","background-size":"auto","background-attachment":"scroll","background-type":"","background-media":"","overlay-type":"","overlay-color":"","overlay-opacity":"","overlay-gradient":""},"tablet":{"background-color":"var(--ast-global-color-5)","background-image":"","background-repeat":"repeat","background-position":"center center","background-size":"auto","background-attachment":"scroll","background-type":"","background-media":"","overlay-type":"","overlay-color":"","overlay-opacity":"","overlay-gradient":""},"mobile":{"background-color":"var(--ast-global-color-5)","background-image":"","background-repeat":"repeat","background-position":"center center","background-size":"auto","background-attachment":"scroll","background-type":"","background-media":"","overlay-type":"","overlay-color":"","overlay-opacity":"","overlay-gradient":""}},"footnotes":""},"class_list":["post-4362","page","type-page","status-publish","hentry"],"_links":{"self":[{"href":"https:\/\/pizzaklam.com\/pizzaklam\/wp-json\/wp\/v2\/pages\/4362"}],"collection":[{"href":"https:\/\/pizzaklam.com\/pizzaklam\/wp-json\/wp\/v2\/pages"}],"about":[{"href":"https:\/\/pizzaklam.com\/pizzaklam\/wp-json\/wp\/v2\/types\/page"}],"author":[{"embeddable":true,"href":"https:\/\/pizzaklam.com\/pizzaklam\/wp-json\/wp\/v2\/users\/2"}],"replies":[{"embeddable":true,"href":"https:\/\/pizzaklam.com\/pizzaklam\/wp-json\/wp\/v2\/comments?post=4362"}],"version-history":[{"count":5,"href":"https:\/\/pizzaklam.com\/pizzaklam\/wp-json\/wp\/v2\/pages\/4362\/revisions"}],"predecessor-version":[{"id":4386,"href":"https:\/\/pizzaklam.com\/pizzaklam\/wp-json\/wp\/v2\/pages\/4362\/revisions\/4386"}],"wp:attachment":[{"href":"https:\/\/pizzaklam.com\/pizzaklam\/wp-json\/wp\/v2\/media?parent=4362"}],"curies":[{"name":"wp","href":"https:\/\/api.w.org\/{rel}","templated":true}]}}