{"id":4364,"date":"2020-10-08T09:45:22","date_gmt":"2020-10-08T09:45:22","guid":{"rendered":"https:\/\/pizzaklam.com\/pizzaklam\/?page_id=4364"},"modified":"2020-10-08T09:45:23","modified_gmt":"2020-10-08T09:45:23","slug":"politica-de-privacitat","status":"publish","type":"page","link":"https:\/\/pizzaklam.com\/pizzaklam\/politica-de-privacitat\/","title":{"rendered":"Pol\u00edtica de Privacitat"},"content":{"rendered":"\n<p><em>(Actualitzada el 23 de juny del 2018)<\/em><\/p>\n\n\n\n<p>A KLAM RESTAURACI\u00d2, S.L. treballem per garantir la privacitat en el tractament de les seves dades personals. Hem actualitzat la nostra Pol\u00edtica de Privacitat per informar clarament de com recollim, utilitzem i custodiem les dades de les persones que contacten amb la nostra empresa:<\/p>\n\n\n\n<p>\u2022 Responsable del tractament.<br>\u2022 Finalitats del tractament de dades.<br>\u2022 Per\u00edode de conservaci\u00f3 de dades.<br>\u2022 Legitimaci\u00f3 per al tractament de dades.<br>\u2022 Comunicaci\u00f3 de dades.<br>\u2022 Transfer\u00e8ncies internacionals de dades.<br>\u2022 Els seus drets.<br>\u2022 Obtenci\u00f3 de les seves dades.<\/p>\n\n\n\n<p><strong>Qui \u00e9s el responsable del tractament de les seves dades?<\/strong><\/p>\n\n\n\n<p>Ra\u00f3 social: KLAM RESTAURACI\u00d2, S.L.<br>Nom comercial: PIZZAKLAM<br>NIF: B-64743271<br>Adre\u00e7a postal: Ctra. De Vic 43. &#8211; 08272 Sant Fruit\u00f3s de Bages (Barcelona).<br>Tel\u00e8fon: +34 93 876 95 24<br>Correu electr\u00f2nic: info@pizzaklam.com<\/p>\n\n\n\n<p><strong>Amb quina finalitat tractem les seves dades personals?<\/strong><\/p>\n\n\n\n<p>A KLAM RESTAURACI\u00d2, S.L. el tractament de dades es realitza amb les seg\u00fcents finalitats, en funci\u00f3 del motiu pel qual ens els hagi facilitat:<\/p>\n\n\n\n<p>1.Gestionar dades facilitades directament pel propi interessat, com a particular o a nivell professional per informar dels nostres productes i serveis, donar resposta a la seva sol\u00b7licitud, petici\u00f3 o consulta i fer un seguiment posterior.<\/p>\n\n\n\n<p>2.Gestionar, les dades proporcionades pel client en el moment de contractar els nostres serveis, a nivell organitzatiu, comptable, fiscal i administratiu, aix\u00ed com per informar sobre serveis, esdeveniments i not\u00edcies relacionades amb la nostra activitat professional que puguin ser del seu inter\u00e8s.<\/p>\n\n\n\n<p>3.Gestionar les dades professionals o particulars de l\u2019USUARI per la seva participaci\u00f3 en els diferents esdeveniments, promocions, sortegis o activitats que organitzem i ens hagin autoritzat per informar sobre altres activitats o esdeveniments que puguem organitzar en relaci\u00f3 amb projectes o serveis que puguin ser del seu inter\u00e8s.<\/p>\n\n\n\n<p>4.Realitzar, en cas que s\u2019hagi subscrit a les nostres Newsletters, l\u2019enviament de les mateixes tractant les dades facilitades per remetre-li.<\/p>\n\n\n\n<p>5.Realitzar, si \u00e9s el cas, el perfil d\u2019usuari per oferir-li els nostres productes i serveis.<\/p>\n\n\n\n<p><strong>Per quant de temps conservarem les seves dades?<\/strong><\/p>\n\n\n\n<p>\u2022 Les dades per a la gesti\u00f3 de la relaci\u00f3 amb el client i la facturaci\u00f3 i cobrament dels serveis seran conservades durant tot el temps en qu\u00e8 el contracte estigui vigent. Un cop finalitzada aquesta relaci\u00f3, si \u00e9s el cas, les dades podran ser conservades durant el temps exigit per la legislaci\u00f3 aplicable i fins que prescriguin les eventuals responsabilitats derivades del contracte.<\/p>\n\n\n\n<p>\u2022 Les dades relatives a publicacions de comentaris sobre els nostres productes es mantindran durant la vig\u00e8ncia i publicitat dels productes o serveis als quals fan refer\u00e8ncia, llevat que s\u2019expressi el seu desig que siguin eliminats en qualsevol moment.<\/p>\n\n\n\n<p>\u2022 Les dades per a la participaci\u00f3 en esdeveniments, activitats, sorteigs i promocions es conservaran durant el temps que durin els mateixos, per gestionar el seu desenvolupament i, despr\u00e9s, fins que prescriguin les possibles responsabilitats derivades de la seva realitzaci\u00f3.<\/p>\n\n\n\n<p>\u2022 Les dades per a l\u2019enviament de Newsletters seran conservats indefinidament fins que, si \u00e9s el cas, ens manifestin la seva voluntat de suprimir-los.<\/p>\n\n\n\n<p>\u2022 Les dades per a l\u2019enviament de comunicacions comercials i elaboraci\u00f3 de perfils comercials dels nostres productes o serveis seran conservats indefinidament fins que, si \u00e9s el cas, ens manifestin la seva voluntat de suprimir-los.<\/p>\n\n\n\n<p><strong>Quina \u00e9s la legitimaci\u00f3 per al tractament de les seves dades?<\/strong><\/p>\n\n\n\n<p>\u2022 La base legal per al tractament de les seves dades de les finalitats 1 a 3 \u00e9s&nbsp;l\u2019execuci\u00f3 contractual de la prestaci\u00f3 del servei&nbsp;corresponent.<\/p>\n\n\n\n<p>\u2022 L\u2019oferta prospectiva de productes i serveis a clients t\u00e9 com a base la satisfacci\u00f3 de&nbsp;l\u2019inter\u00e8s leg\u00edtim&nbsp;empresarial consistent en poder oferir als nostres clients la contractaci\u00f3 d\u2019altres productes o serveis i aconseguir aix\u00ed la seva fidelitzaci\u00f3. Aquest inter\u00e8s leg\u00edtim es reconeix per la normativa legal aplicable (Reglament General de Protecci\u00f3 de Dades), que permet expressament el tractament de dades personals sobre aquesta base legal amb fins de m\u00e0rqueting directe.<\/p>\n\n\n\n<p>No obstant aix\u00f2, li recordem que t\u00e9 dret a oposar-se a aquest tractament de les seves dades, i pot fer-ho per qualsevol dels mitjans descrits en aquesta Pol\u00edtica.<\/p>\n\n\n\n<p>\u2022 La base de l\u2019enviament de comunicacions comercials a usuaris no clients \u00e9s&nbsp;el consentiment de l\u2019interessat&nbsp;que s\u2019ha sol\u00b7licitat, i pot ser revocat en qualsevol moment. La retirada d\u2019aquest consentiment no afectar\u00e0 en cap cas a l\u2019execuci\u00f3 del contracte, per\u00f2 els tractaments de dades amb aquesta finalitat efectuats amb anterioritat no perdran la seva licitud pel fet que el consentiment s\u2019hagi revocat.<\/p>\n\n\n\n<p><strong>A quins destinataris es comunicaran les seves dades?<\/strong><\/p>\n\n\n\n<p>No es cediran dades a tercers excepte a:<\/p>\n\n\n\n<p>\u2022 A les empreses de&nbsp;KLAM RESTAURACI\u00d2.<\/p>\n\n\n\n<p>\u2022 A les&nbsp;administracions p\u00fabliques&nbsp;competents, en els casos que preveu la Llei i per als fins en ella definits.<\/p>\n\n\n\n<p><strong>Transfer\u00e8ncies de dades a tercers pa\u00efsos?<\/strong><\/p>\n\n\n\n<p>No es realitzen transfer\u00e8ncies internacionals de dades.<\/p>\n\n\n\n<p><strong>Quins s\u00f3n els seus drets quan ens facilita les seves dades?<\/strong><\/p>\n\n\n\n<p>\u2022 Qualsevol persona t\u00e9 dret a obtenir confirmaci\u00f3 sobre si en KLAM RESTAURACI\u00d2, S.L. estem tractant dades personals que els concerneixin, o no.<\/p>\n\n\n\n<p>\u2022 Les persones interessades tenen dret a accedir a les seves dades personals, aix\u00ed com a sol\u00b7licitar la rectificaci\u00f3 de les dades inexactes o, si \u00e9s el cas, sol\u00b7licitar la seva supressi\u00f3 quan, entre d\u2019altres motius, les dades ja no siguin necessaris per als fins per als que van ser recollides.<\/p>\n\n\n\n<p>\u2022 En determinades circumst\u00e0ncies, els interessats podran sol\u00b7licitar la limitaci\u00f3 del tractament de les seves dades o el seu portabilitat, en aquest cas \u00fanicament els conservarem per a l\u2019exercici o la defensa de reclamacions.<\/p>\n\n\n\n<p>\u2022 En determinades circumst\u00e0ncies i per motius relacionats amb la seva situaci\u00f3 particular, els interessats podran oposar-se al tractament de les seves dades. En aquest cas, KLAM RESTAURACI\u00d2, S.L. deixar\u00e0 de tractar les dades, excepte per motius leg\u00edtims imperiosos, o l\u2019exercici o la defensa de possibles reclamacions.<\/p>\n\n\n\n<p><strong>Vost\u00e8 podr\u00e0 exercir materialment els seus drets de la seg\u00fcent manera:<\/strong><\/p>\n\n\n\n<p>-Per correu electr\u00f2nic adjuntant c\u00f2pia del seu DNI a:&nbsp;info@pizzaklam.com.<\/p>\n\n\n\n<p>-A l\u2019adre\u00e7a de correu electr\u00f2nic indicada li oferirem els formularis corresponents per a exercitar materialment aquests drets.<\/p>\n\n\n\n<p>\u2022 Si ha atorgat el seu consentiment per a alguna finalitat concreta, t\u00e9 dret a retirar el consentiment atorgat en qualsevol moment, sense que aix\u00f2 afecti la licitud del tractament basat en el seu consentiment previ a la seva retirada.<\/p>\n\n\n\n<p>\u2022 En el cas que consideri vulnerats els seus drets per que fa a la protecci\u00f3 de les seves dades personals, especialment quan no hagi obtingut satisfacci\u00f3 en l\u2019exercici dels seus drets, pot presentar una reclamaci\u00f3 davant l\u2019Autoritat de Control en mat\u00e8ria de protecci\u00f3 de dades competent a trav\u00e9s del seu lloc web:&nbsp;www.agpd.es.<\/p>\n\n\n\n<p><strong>Com hem obtingut les seves dades?<\/strong><\/p>\n\n\n\n<p>\u2022 Les dades personals que tractem a KLAM RESTAURACI\u00d2, S.L. procedeixen dels propis interessats o el seu representant legal.<\/p>\n\n\n\n<p>\u2022 No es tracten categories especials de dades personals (s\u00f3n aquelles dades que revelen l\u2019origen \u00e8tnic o racial, les opinions pol\u00edtiques, les conviccions religioses o filos\u00f2fiques, o l\u2019afiliaci\u00f3 sindical, dades gen\u00e8tiques, dades biom\u00e8triques dirigits a identificar de manera un\u00edvoca a una persona f\u00edsica, dades relatives a la salut o dades relatives a la vida sexual o quina \u00e9s l\u2019orientaci\u00f3 sexual d\u2019una persona f\u00edsica).<\/p>\n","protected":false},"excerpt":{"rendered":"<p>(Actualitzada el 23 de juny del 2018) A KLAM RESTAURACI\u00d2, S.L. treballem per garantir la privacitat en el tractament de les seves dades personals. Hem actualitzat la nostra Pol\u00edtica de Privacitat per informar clarament de com recollim, utilitzem i custodiem les dades de les persones que contacten amb la nostra empresa: \u2022 Responsable del tractament.\u2022 [&hellip;]<\/p>\n","protected":false},"author":2,"featured_media":0,"parent":0,"menu_order":0,"comment_status":"closed","ping_status":"closed","template":"","meta":{"site-sidebar-layout":"default","site-content-layout":"default","ast-site-content-layout":"default","site-content-style":"default","site-sidebar-style":"default","ast-global-header-display":"","ast-banner-title-visibility":"","ast-main-header-display":"","ast-hfb-above-header-display":"","ast-hfb-below-header-display":"","ast-hfb-mobile-header-display":"","site-post-title":"","ast-breadcrumbs-content":"","ast-featured-img":"","footer-sml-layout":"","ast-disable-related-posts":"","theme-transparent-header-meta":"default","adv-header-id-meta":"","stick-header-meta":"","header-above-stick-meta":"","header-main-stick-meta":"","header-below-stick-meta":"","astra-migrate-meta-layouts":"default","ast-page-background-enabled":"default","ast-page-background-meta":{"desktop":{"background-color":"","background-image":"","background-repeat":"repeat","background-position":"center center","background-size":"auto","background-attachment":"scroll","background-type":"","background-media":"","overlay-type":"","overlay-color":"","overlay-opacity":"","overlay-gradient":""},"tablet":{"background-color":"","background-image":"","background-repeat":"repeat","background-position":"center center","background-size":"auto","background-attachment":"scroll","background-type":"","background-media":"","overlay-type":"","overlay-color":"","overlay-opacity":"","overlay-gradient":""},"mobile":{"background-color":"","background-image":"","background-repeat":"repeat","background-position":"center center","background-size":"auto","background-attachment":"scroll","background-type":"","background-media":"","overlay-type":"","overlay-color":"","overlay-opacity":"","overlay-gradient":""}},"ast-content-background-meta":{"desktop":{"background-color":"var(--ast-global-color-5)","background-image":"","background-repeat":"repeat","background-position":"center center","background-size":"auto","background-attachment":"scroll","background-type":"","background-media":"","overlay-type":"","overlay-color":"","overlay-opacity":"","overlay-gradient":""},"tablet":{"background-color":"var(--ast-global-color-5)","background-image":"","background-repeat":"repeat","background-position":"center center","background-size":"auto","background-attachment":"scroll","background-type":"","background-media":"","overlay-type":"","overlay-color":"","overlay-opacity":"","overlay-gradient":""},"mobile":{"background-color":"var(--ast-global-color-5)","background-image":"","background-repeat":"repeat","background-position":"center center","background-size":"auto","background-attachment":"scroll","background-type":"","background-media":"","overlay-type":"","overlay-color":"","overlay-opacity":"","overlay-gradient":""}},"footnotes":""},"class_list":["post-4364","page","type-page","status-publish","hentry"],"_links":{"self":[{"href":"https:\/\/pizzaklam.com\/pizzaklam\/wp-json\/wp\/v2\/pages\/4364"}],"collection":[{"href":"https:\/\/pizzaklam.com\/pizzaklam\/wp-json\/wp\/v2\/pages"}],"about":[{"href":"https:\/\/pizzaklam.com\/pizzaklam\/wp-json\/wp\/v2\/types\/page"}],"author":[{"embeddable":true,"href":"https:\/\/pizzaklam.com\/pizzaklam\/wp-json\/wp\/v2\/users\/2"}],"replies":[{"embeddable":true,"href":"https:\/\/pizzaklam.com\/pizzaklam\/wp-json\/wp\/v2\/comments?post=4364"}],"version-history":[{"count":1,"href":"https:\/\/pizzaklam.com\/pizzaklam\/wp-json\/wp\/v2\/pages\/4364\/revisions"}],"predecessor-version":[{"id":4365,"href":"https:\/\/pizzaklam.com\/pizzaklam\/wp-json\/wp\/v2\/pages\/4364\/revisions\/4365"}],"wp:attachment":[{"href":"https:\/\/pizzaklam.com\/pizzaklam\/wp-json\/wp\/v2\/media?parent=4364"}],"curies":[{"name":"wp","href":"https:\/\/api.w.org\/{rel}","templated":true}]}}