{"id":4366,"date":"2020-10-08T09:45:58","date_gmt":"2020-10-08T09:45:58","guid":{"rendered":"https:\/\/pizzaklam.com\/pizzaklam\/?page_id=4366"},"modified":"2020-10-08T09:45:59","modified_gmt":"2020-10-08T09:45:59","slug":"politica-de-cookies","status":"publish","type":"page","link":"https:\/\/pizzaklam.com\/pizzaklam\/politica-de-cookies\/","title":{"rendered":"Pol\u00edtica de Cookies"},"content":{"rendered":"\n<p><strong>Qu\u00e8 \u00e9s una cookie?<\/strong><\/p>\n\n\n\n<p>Una cookie \u00e9s un fitxer que es descarrega al seu ordinador en accedir l\u2019Usuari a determinades p\u00e0gines web. Les cookies permeten a una p\u00e0gina web, entre altres coses, emmagatzemar i recuperar informaci\u00f3 sobre els h\u00e0bits de navegaci\u00f3 d\u2019un usuari o del seu equip i, depenent de la informaci\u00f3 que continguin i de la forma en qu\u00e8 utilitzi el seu equip, es poden utilitzar per recon\u00e8ixer a l\u2019usuari.<\/p>\n\n\n\n<p><strong>Quins tipus de cookies hi ha?<\/strong><\/p>\n\n\n\n<p>Hi ha diversos tipus de cookies en funci\u00f3 de diferents criteris:<br>En funci\u00f3 del temps que romanen activades:<\/p>\n\n\n\n<p>\u2022 <strong>Cookies de sessi\u00f3<\/strong>. S\u00f3n un tipus de cookies dissenyades per demanar i emmagatzemar dades mentre l\u2019usuari accedeix a una p\u00e0gina web.<\/p>\n\n\n\n<p>\u2022 <strong>Cookies permanents<\/strong>: S\u00f3n un tipus de cookies en el qual les dades segueixen emmagatzemats en el terminal i poden ser accedits i tractats durant un per\u00edode definit pel responsable de la galeta.<\/p>\n\n\n\n<p><strong>En funci\u00f3 de la titularitat:<\/strong><\/p>\n\n\n\n<p>\u2022 <strong>Cookies pr\u00f2pies<\/strong>. S\u00f3n les que pertanyen a KLAM RESTAURACI\u00d2, S.L.<\/p>\n\n\n\n<p>\u2022 <strong>Cookies de tercers<\/strong>. S\u00f3n aquelles la titularitat \u00e9s d\u2019un tercer, diferent de KLAM RESTAURACI\u00d2, S.L., que ser\u00e0 qui tracti la informaci\u00f3 recollida.<\/p>\n\n\n\n<p><strong>En funci\u00f3 de la seva finalitat:<\/strong><\/p>\n\n\n\n<p>\u2022 <strong>Cookies t\u00e8cniques i \/ o de personalitzaci\u00f3<\/strong>. S\u00f3n aquelles que serveixen per millorar el servei, localitzar incid\u00e8ncies, recon\u00e8ixer a l\u2019usuari, etc.<\/p>\n\n\n\n<p>\u2022 <strong>Cookies d\u2019an\u00e0lisi i \/ o de publicitat<\/strong>. S\u00f3n aquelles que serveixen per analitzar informaci\u00f3 sobre la navegaci\u00f3 i oferir publicitat, sigui gen\u00e8rica o personalitzada.<\/p>\n\n\n\n<p><strong>Quins tipus de cookies s\u00f3n m\u00e9s habituals?<\/strong><\/p>\n\n\n\n<p><strong>T\u00c8CNIQUES<\/strong>: S\u00f3n cookies PR\u00d2PIES, de sessi\u00f3, d\u2019identificaci\u00f3, de configuraci\u00f3 i de registre, estrictament necess\u00e0ries per a la identificaci\u00f3 de l\u2019usuari i per a la prestaci\u00f3 dels serveis sol\u00b7licitats per l\u2019usuari. La informaci\u00f3 obtinguda a trav\u00e9s de les mateixes \u00e9s tractada \u00fanicament per KLAM RESTAURACI\u00d2, S.L.<\/p>\n\n\n\n<p><strong>D\u2019AN\u00c0LISI<\/strong>: S\u00f3n aquelles que, ben tractades per nosaltres o per tercers, ens permeten quantificar el nombre d\u2019usuaris i aix\u00ed realitzar el mesurament i an\u00e0lisi estad\u00edstica de la utilitzaci\u00f3 que fan els usuaris del servei ofert. Per aix\u00f2 s\u2019analitza la seva navegaci\u00f3 a la nostra p\u00e0gina web per tal de millorar l\u2019oferta de productes o serveis que li oferim.<\/p>\n\n\n\n<p><strong>DE PUBLICITAT<\/strong>: S\u00f3n aquelles que, ben tractades per nosaltres o per tercers, permeten la gesti\u00f3, de la forma m\u00e9s efica\u00e7 possible, dels espais publicitaris que es poguessin incloure a la nostra p\u00e0gina web i \/ o emmagatzemen informaci\u00f3 del comportament dels usuaris obtinguda a trav\u00e9s de l\u2019observaci\u00f3 continuada. Gr\u00e0cies a elles, podem con\u00e8ixer els h\u00e0bits de navegaci\u00f3 a internet i mostrar-li publicitat relacionada amb el seu perfil de navegaci\u00f3.<\/p>\n\n\n\n<p><strong>Per qu\u00e8 serveix una cookie?<\/strong><\/p>\n\n\n\n<p>Les cookies s\u2019utilitzen per poder oferir-serveis i \/ o publicitat personalitzats, per analitzar el funcionament del sistema, recon\u00e8ixer quan accedeix com a usuari, localitzar incid\u00e8ncies i problemes que puguin sorgir i solucionar en el menor termini possible, aix\u00ed com analitzar i mesurar l\u2019\u00fas i activitat de la p\u00e0gina web.<\/p>\n\n\n\n<p><strong>Es necessita el meu consentiment per implantar una cookie?<\/strong><\/p>\n\n\n\n<p>No cal el consentiment per a la instal\u00b7laci\u00f3 de cookies t\u00e8cniques o les que siguin estrictament necess\u00e0ries per a la prestaci\u00f3 d\u2019un servei de la societat de la informaci\u00f3 expressament sol\u00b7licitat pel destinatari.<\/p>\n\n\n\n<p>Per a la resta, s\u00ed que es necessita el consentiment de l\u2019interessat que es pot sol\u00b7licitar per diferents vies. En el cas de KLAM RESTAURACI\u00d2, S.L., s\u2019entendr\u00e0 atorgat si Vost\u00e8 segueix utilitzant la p\u00e0gina web, sense perjudici que en qualsevol moment podr\u00e0 revocar-i desactivar les cookies.<\/p>\n\n\n\n<p><strong>Quins tipus de cookies utilitza aquesta p\u00e0gina web?<\/strong><\/p>\n\n\n\n<p>Cookies t\u00e8cniques: S\u00f3n aquelles creades i gestionades \u00fanicament per nosaltres, i permeten a l\u2019usuari la navegaci\u00f3 a trav\u00e9s de la nostra p\u00e0gina web i la utilitzaci\u00f3 de les diferents opcions com, per exemple, identificar la sessi\u00f3, personalitzar informaci\u00f3 o accedir a zones d\u2019acc\u00e9s restringit.<\/p>\n\n\n\n<p>El lloc web de KLAM RESTAURACI\u00d2, S.L., utilitza Google Analytics, una eina d\u2019anal\u00edtica web desenvolupada per Google, que ajuda els propietaris de llocs web a mesurar com interactuen els usuaris amb el contingut del lloc.<\/p>\n\n\n\n<p><strong>Per a m\u00e9s informaci\u00f3 veure:<\/strong><\/p>\n\n\n\n<figure class=\"wp-block-embed\"><div class=\"wp-block-embed__wrapper\">\nhttps:\/\/developers.google.com\/analytics\/devguides\/collection\/analyticsjs\/cookie-usage\n<\/div><\/figure>\n\n\n\n<p>Pot permetre, bloquejar o eliminar les cookies instal\u00b7lades en el seu equip mitjan\u00e7ant la configuraci\u00f3 de les opcions del navegador en el vostre ordinador.<\/p>\n\n\n\n<p><strong>Com desactivar cookies?<\/strong><\/p>\n\n\n\n<p>\u2022 Firefox:&nbsp;<a href=\"https:\/\/support.mozilla.org\/es\/kb\/habilitar-y-deshabilitar-cookies-sitios-web-rastrear-preferencias?redirectlocale=es&amp;redirectslug=habilitar-y-deshabilitar-cookies-que-los-sitios-we\">https:\/\/support.mozilla.org\/es\/kb\/habilitar-y-deshabilitar-cookies-sitios-web-rastrear-preferencias?redirectlocale=es&amp;redirectslug=habilitar-y-deshabilitar-cookies-que-los-sitios-we<\/a><br>\u2022 Chrome:&nbsp;<a href=\"https:\/\/support.google.com\/chrome\/answer\/95647?hl=es\">https:\/\/support.google.com\/chrome\/answer\/95647?hl=es<\/a><br>\u2022 Internet Explorer:&nbsp;<a href=\"https:\/\/support.microsoft.com\/es-es\/products\/windows?os=windows-10\">https:\/\/support.microsoft.com\/es-es\/products\/windows?os=windows-10<\/a><br>\u2022 Safari:&nbsp;<a href=\"https:\/\/support.apple.com\/kb\/ph5042?locale=es_ES\">https:\/\/support.apple.com\/kb\/ph5042?locale=es_ES<\/a><br>\u2022 Safari para iOS:&nbsp;<a href=\"https:\/\/support.apple.com\/es-es\/HT201265\">https:\/\/support.apple.com\/es-es\/HT201265<\/a><br>\u2022 Opera:&nbsp;<a href=\"http:\/\/help.opera.com\/Windows\/11.50\/es-ES\/cookies.html\">http:\/\/help.opera.com\/Windows\/11.50\/es-ES\/cookies.html<\/a><\/p>\n","protected":false},"excerpt":{"rendered":"<p>Qu\u00e8 \u00e9s una cookie? Una cookie \u00e9s un fitxer que es descarrega al seu ordinador en accedir l\u2019Usuari a determinades p\u00e0gines web. Les cookies permeten a una p\u00e0gina web, entre altres coses, emmagatzemar i recuperar informaci\u00f3 sobre els h\u00e0bits de navegaci\u00f3 d\u2019un usuari o del seu equip i, depenent de la informaci\u00f3 que continguin i [&hellip;]<\/p>\n","protected":false},"author":2,"featured_media":0,"parent":0,"menu_order":0,"comment_status":"closed","ping_status":"closed","template":"","meta":{"site-sidebar-layout":"default","site-content-layout":"default","ast-site-content-layout":"default","site-content-style":"default","site-sidebar-style":"default","ast-global-header-display":"","ast-banner-title-visibility":"","ast-main-header-display":"","ast-hfb-above-header-display":"","ast-hfb-below-header-display":"","ast-hfb-mobile-header-display":"","site-post-title":"","ast-breadcrumbs-content":"","ast-featured-img":"","footer-sml-layout":"","ast-disable-related-posts":"","theme-transparent-header-meta":"default","adv-header-id-meta":"","stick-header-meta":"","header-above-stick-meta":"","header-main-stick-meta":"","header-below-stick-meta":"","astra-migrate-meta-layouts":"default","ast-page-background-enabled":"default","ast-page-background-meta":{"desktop":{"background-color":"","background-image":"","background-repeat":"repeat","background-position":"center center","background-size":"auto","background-attachment":"scroll","background-type":"","background-media":"","overlay-type":"","overlay-color":"","overlay-opacity":"","overlay-gradient":""},"tablet":{"background-color":"","background-image":"","background-repeat":"repeat","background-position":"center center","background-size":"auto","background-attachment":"scroll","background-type":"","background-media":"","overlay-type":"","overlay-color":"","overlay-opacity":"","overlay-gradient":""},"mobile":{"background-color":"","background-image":"","background-repeat":"repeat","background-position":"center center","background-size":"auto","background-attachment":"scroll","background-type":"","background-media":"","overlay-type":"","overlay-color":"","overlay-opacity":"","overlay-gradient":""}},"ast-content-background-meta":{"desktop":{"background-color":"var(--ast-global-color-5)","background-image":"","background-repeat":"repeat","background-position":"center center","background-size":"auto","background-attachment":"scroll","background-type":"","background-media":"","overlay-type":"","overlay-color":"","overlay-opacity":"","overlay-gradient":""},"tablet":{"background-color":"var(--ast-global-color-5)","background-image":"","background-repeat":"repeat","background-position":"center center","background-size":"auto","background-attachment":"scroll","background-type":"","background-media":"","overlay-type":"","overlay-color":"","overlay-opacity":"","overlay-gradient":""},"mobile":{"background-color":"var(--ast-global-color-5)","background-image":"","background-repeat":"repeat","background-position":"center center","background-size":"auto","background-attachment":"scroll","background-type":"","background-media":"","overlay-type":"","overlay-color":"","overlay-opacity":"","overlay-gradient":""}},"footnotes":""},"class_list":["post-4366","page","type-page","status-publish","hentry"],"_links":{"self":[{"href":"https:\/\/pizzaklam.com\/pizzaklam\/wp-json\/wp\/v2\/pages\/4366"}],"collection":[{"href":"https:\/\/pizzaklam.com\/pizzaklam\/wp-json\/wp\/v2\/pages"}],"about":[{"href":"https:\/\/pizzaklam.com\/pizzaklam\/wp-json\/wp\/v2\/types\/page"}],"author":[{"embeddable":true,"href":"https:\/\/pizzaklam.com\/pizzaklam\/wp-json\/wp\/v2\/users\/2"}],"replies":[{"embeddable":true,"href":"https:\/\/pizzaklam.com\/pizzaklam\/wp-json\/wp\/v2\/comments?post=4366"}],"version-history":[{"count":1,"href":"https:\/\/pizzaklam.com\/pizzaklam\/wp-json\/wp\/v2\/pages\/4366\/revisions"}],"predecessor-version":[{"id":4367,"href":"https:\/\/pizzaklam.com\/pizzaklam\/wp-json\/wp\/v2\/pages\/4366\/revisions\/4367"}],"wp:attachment":[{"href":"https:\/\/pizzaklam.com\/pizzaklam\/wp-json\/wp\/v2\/media?parent=4366"}],"curies":[{"name":"wp","href":"https:\/\/api.w.org\/{rel}","templated":true}]}}