{"id":4417,"date":"2020-10-27T10:02:27","date_gmt":"2020-10-27T10:02:27","guid":{"rendered":"https:\/\/pizzaklam.com\/pizzaklam\/?page_id=4417"},"modified":"2021-12-10T12:45:57","modified_gmt":"2021-12-10T11:45:57","slug":"home2","status":"publish","type":"page","link":"https:\/\/pizzaklam.com\/pizzaklam\/home2\/","title":{"rendered":"Home2"},"content":{"rendered":"\n\n\t\t\t\t<img loading=\"lazy\" decoding=\"async\" src=\"https:\/\/pizzaklam.com\/pizzaklam\/wp-content\/uploads\/2020\/09\/logoWeb-360x89-1-300x74.png\" alt=\"logoWeb-360x89\" itemprop=\"image\" height=\"74\" width=\"300\" title=\"logoWeb-360x89\" onerror=\"this.style.display='none'\"  \/>\n\t<h1>\n\t\t\t\tESCULL LA TEVA PIZZERIA\n\t\t\t<\/h1>\n\t<a href=\"https:\/\/manresa.pizzaklam.com\" target=\"_self\" rel=\"noopener noreferrer\"><\/a> \n\t\t\t<h5>pizzaklam<\/h5><h3>MANRESA<\/h3>\t\t\t\n\t\t\t\t<p>Manresa<br \/>Sant Joan de Vilatorrada<br \/>Santpedor<br \/>Call\u00fas (cap de setmana)<\/p>\n\t<a href=\"https:\/\/santfruitos.pizzaklam.com\" target=\"_self\" rel=\"noopener noreferrer\"><\/a> \n\t\t\t<h5>pizzaklam<\/h5><h3>SANT FRUIT\u00d3S<\/h3>\t\t\t\n\t\t\t\t<p>Sant Fruit\u00f3s de Bages<br \/>Navarcles<br \/>Art\u00e9s<br \/>Sallent<\/p>\n\t<a href=\"https:\/\/santvicenc.pizzaklam.com\" target=\"_self\" rel=\"noopener noreferrer\"><\/a> \n\t\t\t<h5>pizzaklam<\/h5><h5>SANT VICEN\u00c7 (Nova direcci\u00f3)<\/h5>\t\t\t\n\t\t\t\t<p>Sant Vicen\u00e7 de Castellet<br \/>Pont de Vilomara<br \/>Castellbell i el Vilar<br \/>Castellgal\u00ed<\/p>\n\t<a href=\"https:\/\/piera.pizzaklam.com\/\" target=\"_self\" rel=\"noopener noreferrer\"><\/a> \n\t\t\t<h5>pizzaklam<\/h5><h3>PIERA<\/h3>\t\t\t\n\t\t\t\t<p>Piera (Urb. del voltant)<br \/>Hostalets de Pierola<br \/>Masquefa<br \/>Vallbona de Anoia<\/p>\n\t<a href=\"https:\/\/igualada.pizzaklam.com\/\" target=\"_self\" rel=\"noopener noreferrer\"><\/a> \n\t\t\t<h5>pizzaklam<\/h5><h3>IGUALADA<\/h3>\t\t\t\n\t\t\t\t<p>Igualada<br \/>Vilanova del Cami<br \/>Sta. Margarida de Montbui<br \/>\u00d2dena<\/p>\n\t<a href=\"https:\/\/puigcerda.pizzaklam.com\/\" target=\"_self\" rel=\"noopener noreferrer\"><\/a> \n\t\t\t<h5>pizzaklam<\/h5><h3>PUIGCERD\u00c1<\/h3>\t\t\t\n\t\t\t\tPuigcerd\u00e1 &#8211; Ll\u00edvia<br \/>\nBolvir &#8211; Queixans<br \/>\nSaneja &#8211; Age<br \/>\nUr &#8211; Bourg Madame\n\n","protected":false},"excerpt":{"rendered":"<p>ESCULL LA TEVA PIZZERIA pizzaklam MANRESA ManresaSant Joan de VilatorradaSantpedorCall\u00fas (cap de setmana) pizzaklam SANT FRUIT\u00d3S Sant Fruit\u00f3s de BagesNavarclesArt\u00e9sSallent pizzaklam SANT VICEN\u00c7 (Nova direcci\u00f3) Sant Vicen\u00e7 de CastelletPont de VilomaraCastellbell i el VilarCastellgal\u00ed pizzaklam PIERA Piera (Urb. del voltant)Hostalets de PierolaMasquefaVallbona de Anoia pizzaklam IGUALADA IgualadaVilanova del CamiSta. Margarida de Montbui\u00d2dena pizzaklam PUIGCERD\u00c1 Puigcerd\u00e1 [&hellip;]<\/p>\n","protected":false},"author":3,"featured_media":0,"parent":0,"menu_order":0,"comment_status":"closed","ping_status":"closed","template":"","meta":{"site-sidebar-layout":"no-sidebar","site-content-layout":"page-builder","ast-site-content-layout":"default","site-content-style":"default","site-sidebar-style":"default","ast-global-header-display":"","ast-banner-title-visibility":"","ast-main-header-display":"disabled","ast-hfb-above-header-display":"","ast-hfb-below-header-display":"","ast-hfb-mobile-header-display":"","site-post-title":"disabled","ast-breadcrumbs-content":"disabled","ast-featured-img":"disabled","footer-sml-layout":"","ast-disable-related-posts":"","theme-transparent-header-meta":"enabled","adv-header-id-meta":"","stick-header-meta":"","header-above-stick-meta":"","header-main-stick-meta":"","header-below-stick-meta":"","astra-migrate-meta-layouts":"default","ast-page-background-enabled":"default","ast-page-background-meta":{"desktop":{"background-color":"","background-image":"","background-repeat":"repeat","background-position":"center center","background-size":"auto","background-attachment":"scroll","background-type":"","background-media":"","overlay-type":"","overlay-color":"","overlay-opacity":"","overlay-gradient":""},"tablet":{"background-color":"","background-image":"","background-repeat":"repeat","background-position":"center center","background-size":"auto","background-attachment":"scroll","background-type":"","background-media":"","overlay-type":"","overlay-color":"","overlay-opacity":"","overlay-gradient":""},"mobile":{"background-color":"","background-image":"","background-repeat":"repeat","background-position":"center center","background-size":"auto","background-attachment":"scroll","background-type":"","background-media":"","overlay-type":"","overlay-color":"","overlay-opacity":"","overlay-gradient":""}},"ast-content-background-meta":{"desktop":{"background-color":"var(--ast-global-color-5)","background-image":"","background-repeat":"repeat","background-position":"center center","background-size":"auto","background-attachment":"scroll","background-type":"","background-media":"","overlay-type":"","overlay-color":"","overlay-opacity":"","overlay-gradient":""},"tablet":{"background-color":"var(--ast-global-color-5)","background-image":"","background-repeat":"repeat","background-position":"center center","background-size":"auto","background-attachment":"scroll","background-type":"","background-media":"","overlay-type":"","overlay-color":"","overlay-opacity":"","overlay-gradient":""},"mobile":{"background-color":"var(--ast-global-color-5)","background-image":"","background-repeat":"repeat","background-position":"center center","background-size":"auto","background-attachment":"scroll","background-type":"","background-media":"","overlay-type":"","overlay-color":"","overlay-opacity":"","overlay-gradient":""}},"footnotes":""},"class_list":["post-4417","page","type-page","status-publish","hentry"],"_links":{"self":[{"href":"https:\/\/pizzaklam.com\/pizzaklam\/wp-json\/wp\/v2\/pages\/4417"}],"collection":[{"href":"https:\/\/pizzaklam.com\/pizzaklam\/wp-json\/wp\/v2\/pages"}],"about":[{"href":"https:\/\/pizzaklam.com\/pizzaklam\/wp-json\/wp\/v2\/types\/page"}],"author":[{"embeddable":true,"href":"https:\/\/pizzaklam.com\/pizzaklam\/wp-json\/wp\/v2\/users\/3"}],"replies":[{"embeddable":true,"href":"https:\/\/pizzaklam.com\/pizzaklam\/wp-json\/wp\/v2\/comments?post=4417"}],"version-history":[{"count":25,"href":"https:\/\/pizzaklam.com\/pizzaklam\/wp-json\/wp\/v2\/pages\/4417\/revisions"}],"predecessor-version":[{"id":4515,"href":"https:\/\/pizzaklam.com\/pizzaklam\/wp-json\/wp\/v2\/pages\/4417\/revisions\/4515"}],"wp:attachment":[{"href":"https:\/\/pizzaklam.com\/pizzaklam\/wp-json\/wp\/v2\/media?parent=4417"}],"curies":[{"name":"wp","href":"https:\/\/api.w.org\/{rel}","templated":true}]}}